{"id":549,"date":"2025-01-21T16:21:38","date_gmt":"2025-01-21T16:21:38","guid":{"rendered":"https:\/\/ecsh.pt\/?page_id=549"},"modified":"2026-02-10T16:19:32","modified_gmt":"2026-02-10T16:19:32","slug":"rural-impact","status":"publish","type":"page","link":"https:\/\/ecsh.pt\/?page_id=549","title":{"rendered":"Rural Impact"},"content":{"rendered":"\t\t<div data-elementor-type=\"wp-page\" data-elementor-id=\"549\" class=\"elementor elementor-549\">\n\t\t\t\t<div class=\"elementor-element elementor-element-0161b65 e-flex e-con-boxed e-con e-parent\" data-id=\"0161b65\" data-element_type=\"container\">\n\t\t\t\t\t<div class=\"e-con-inner\">\n\t\t<div class=\"elementor-element elementor-element-c127460 e-con-full e-flex e-con e-child\" data-id=\"c127460\" data-element_type=\"container\">\n\t\t\t\t<\/div>\n\t\t<div class=\"elementor-element elementor-element-f9a4847 e-con-full e-flex e-con e-child\" data-id=\"f9a4847\" data-element_type=\"container\">\n\t\t\t\t<div class=\"elementor-element elementor-element-94d6395 elementor-widget elementor-widget-image\" data-id=\"94d6395\" data-element_type=\"widget\" data-widget_type=\"image.default\">\n\t\t\t\t<div class=\"elementor-widget-container\">\n\t\t\t\t\t\t\t\t\t\t\t\t\t\t\t\t<a href=\"https:\/\/ecsh.pt\/?page_id=22\">\n\t\t\t\t\t\t\t<img fetchpriority=\"high\" decoding=\"async\" width=\"843\" height=\"342\" src=\"https:\/\/ecsh.pt\/wp-content\/uploads\/2023\/12\/cropped-ECSH_Logo-01-1024x415.png\" class=\"attachment-large size-large wp-image-17\" alt=\"\" srcset=\"https:\/\/ecsh.pt\/wp-content\/uploads\/2023\/12\/cropped-ECSH_Logo-01-1024x415.png 1024w, https:\/\/ecsh.pt\/wp-content\/uploads\/2023\/12\/cropped-ECSH_Logo-01-300x122.png 300w, https:\/\/ecsh.pt\/wp-content\/uploads\/2023\/12\/cropped-ECSH_Logo-01-768x311.png 768w, https:\/\/ecsh.pt\/wp-content\/uploads\/2023\/12\/cropped-ECSH_Logo-01-1536x623.png 1536w, https:\/\/ecsh.pt\/wp-content\/uploads\/2023\/12\/cropped-ECSH_Logo-01-2048x830.png 2048w\" sizes=\"(max-width: 843px) 100vw, 843px\" \/>\t\t\t\t\t\t\t\t<\/a>\n\t\t\t\t\t\t\t\t\t\t\t\t\t\t\t<\/div>\n\t\t\t\t<\/div>\n\t\t\t\t<\/div>\n\t\t<div class=\"elementor-element elementor-element-7562d23 e-con-full e-flex e-con e-child\" data-id=\"7562d23\" data-element_type=\"container\">\n\t\t\t\t<div class=\"elementor-element elementor-element-889954d elementor-widget__width-initial elementor-widget elementor-widget-text-editor\" data-id=\"889954d\" data-element_type=\"widget\" data-widget_type=\"text-editor.default\">\n\t\t\t\t<div class=\"elementor-widget-container\">\n\t\t\t\t\t\t\t\t\t<p><a href=\"https:\/\/ecsh.pt\/?page_id=549\">PT<\/a> | <a href=\"https:\/\/ecsh.pt\/?page_id=569\">EN<\/a><\/p>\t\t\t\t\t\t\t\t<\/div>\n\t\t\t\t<\/div>\n\t\t\t\t<\/div>\n\t\t\t\t\t<\/div>\n\t\t\t\t<\/div>\n\t\t<div class=\"elementor-element elementor-element-25a3924 e-con-full e-transform e-flex e-con e-parent\" data-id=\"25a3924\" data-element_type=\"container\" data-settings=\"{&quot;background_background&quot;:&quot;gradient&quot;,&quot;_transform_scale_effect&quot;:{&quot;unit&quot;:&quot;px&quot;,&quot;size&quot;:1,&quot;sizes&quot;:[]},&quot;_transform_scale_effect_tablet&quot;:{&quot;unit&quot;:&quot;px&quot;,&quot;size&quot;:&quot;&quot;,&quot;sizes&quot;:[]},&quot;_transform_scale_effect_mobile&quot;:{&quot;unit&quot;:&quot;px&quot;,&quot;size&quot;:&quot;&quot;,&quot;sizes&quot;:[]}}\">\n\t\t\t\t<div class=\"elementor-element elementor-element-0b1ba1f elementor-widget__width-inherit elementor-widget elementor-widget-text-editor\" data-id=\"0b1ba1f\" data-element_type=\"widget\" data-widget_type=\"text-editor.default\">\n\t\t\t\t<div class=\"elementor-widget-container\">\n\t\t\t\t\t\t\t\t\t<p><a href=\"https:\/\/ecsh.pt\/?page_id=154\">Quem Somos\u00a0<\/a> \u00a0 \u00a0 <a href=\"https:\/\/ecsh.pt\/?page_id=274\">Servi\u00e7os<\/a>\u00a0 \u00a0 \u00a0<a href=\"https:\/\/ecsh.pt\/?page_id=197\">Not\u00edcias<\/a>\u00a0 \u00a0 \u00a0<a href=\"https:\/\/ecsh.pt\/?page_id=220\">Projetos<\/a><\/p>\t\t\t\t\t\t\t\t<\/div>\n\t\t\t\t<\/div>\n\t\t\t\t<\/div>\n\t\t<div class=\"elementor-element elementor-element-f4b80e1 e-con-full e-flex e-con e-parent\" data-id=\"f4b80e1\" data-element_type=\"container\">\n\t\t\t\t<div class=\"elementor-element elementor-element-5a35bb7 elementor-widget__width-inherit elementor-widget elementor-widget-shortcode\" data-id=\"5a35bb7\" data-element_type=\"widget\" data-widget_type=\"shortcode.default\">\n\t\t\t\t<div class=\"elementor-widget-container\">\n\t\t\t\t\t\t\t<div class=\"elementor-shortcode\"><\/div>\n\t\t\t\t\t\t<\/div>\n\t\t\t\t<\/div>\n\t\t\t\t<\/div>\n\t\t<div class=\"elementor-element elementor-element-fe873cb e-flex e-con-boxed e-con e-parent\" data-id=\"fe873cb\" data-element_type=\"container\">\n\t\t\t\t\t<div class=\"e-con-inner\">\n\t\t\t\t<div class=\"elementor-element elementor-element-3442986 elementor-widget elementor-widget-heading\" data-id=\"3442986\" data-element_type=\"widget\" data-widget_type=\"heading.default\">\n\t\t\t\t<div class=\"elementor-widget-container\">\n\t\t\t\t\t<h2 class=\"elementor-heading-title elementor-size-default\">Rural Impact<\/h2>\t\t\t\t<\/div>\n\t\t\t\t<\/div>\n\t\t\t\t<div class=\"elementor-element elementor-element-4f09b9f elementor-widget elementor-widget-image\" data-id=\"4f09b9f\" data-element_type=\"widget\" data-widget_type=\"image.default\">\n\t\t\t\t<div class=\"elementor-widget-container\">\n\t\t\t\t\t\t\t\t\t\t\t\t\t\t\t<img decoding=\"async\" width=\"300\" height=\"120\" src=\"https:\/\/ecsh.pt\/wp-content\/uploads\/2024\/11\/Full-Title-300x120.jpg\" class=\"attachment-medium size-medium wp-image-493\" alt=\"\" srcset=\"https:\/\/ecsh.pt\/wp-content\/uploads\/2024\/11\/Full-Title-300x120.jpg 300w, https:\/\/ecsh.pt\/wp-content\/uploads\/2024\/11\/Full-Title-1024x411.jpg 1024w, https:\/\/ecsh.pt\/wp-content\/uploads\/2024\/11\/Full-Title-768x308.jpg 768w, https:\/\/ecsh.pt\/wp-content\/uploads\/2024\/11\/Full-Title-1536x617.jpg 1536w, https:\/\/ecsh.pt\/wp-content\/uploads\/2024\/11\/Full-Title.jpg 1960w\" sizes=\"(max-width: 300px) 100vw, 300px\" \/>\t\t\t\t\t\t\t\t\t\t\t\t\t\t\t<\/div>\n\t\t\t\t<\/div>\n\t\t\t\t<div class=\"elementor-element elementor-element-501979d elementor-widget elementor-widget-text-editor\" data-id=\"501979d\" data-element_type=\"widget\" data-widget_type=\"text-editor.default\">\n\t\t\t\t<div class=\"elementor-widget-container\">\n\t\t\t\t\t\t\t\t\t<p><span style=\"text-decoration: underline;\"><strong><a href=\"https:\/\/trainingclub.io\/rural-impact\/\">https:\/\/trainingclub.io\/rural-impact\/<\/a><\/strong><\/span><\/p>\t\t\t\t\t\t\t\t<\/div>\n\t\t\t\t<\/div>\n\t\t\t\t<div class=\"elementor-element elementor-element-9181e3a elementor-widget elementor-widget-text-editor\" data-id=\"9181e3a\" data-element_type=\"widget\" data-widget_type=\"text-editor.default\">\n\t\t\t\t<div class=\"elementor-widget-container\">\n\t\t\t\t\t\t\t\t\t<p>\u00a0O projeto &#8220;Rural Impact&#8221; consiste em aproveitar o potencial do empreendedorismo social dos jovens para as economias rurais. Os objetivos do projeto passam por apoiar os jovens empres\u00e1rios no acesso a apoios ao desenvolvimento empresarial, que muitas vezes n\u00e3o existem nas zonas rurais, e apoiar os formadores e educadores para adaptarem a sua oferta formativa \u00e0s zonas rurais.<\/p><p>Na implementa\u00e7\u00e3o do projeto iremos implementar os seguintes resultados:<\/p><ul><li>10 M\u00f3dulos online sobre Empreendedorismo Social<\/li><li>6 M\u00f3dulos online para a melhoria das compet\u00eancias dos formadores\/educadores para que possam ministrar o programa de forma\u00e7\u00e3o em empreendedorismo social<\/li><li>Incubadoras &#8220;Rural Impact&#8221; para os jovens que completam os m\u00f3dulos online.<\/li><\/ul><p>Newsletter #1:<a href=\"https:\/\/trainingclub.io\/wp-content\/uploads\/2025\/02\/Rural-Impact-Newsletter-1-PT.pdf\"> PT<\/a> e <a href=\"https:\/\/trainingclub.io\/wp-content\/uploads\/2025\/02\/Rural-Impact-Newsletter-1-EN.pdf\">EN<\/a><\/p><p>Newsletter #2:<a href=\"https:\/\/trainingclub.io\/wp-content\/uploads\/2026\/02\/Rural-Impact-Newsletter-2-PT.pdf\"> PT<\/a> e <a href=\"https:\/\/trainingclub.io\/wp-content\/uploads\/2026\/02\/Rural-Impact-Newsletter-2-EN.pdf\">EN<\/a><\/p><p>As nossas redes sociais: \u00a0<a href=\"https:\/\/www.facebook.com\/profile.php?id=61567671470699\" target=\"_blank\" rel=\"noopener\">Facebook<\/a> e\u00a0<a style=\"text-align: var(--text-align); background-color: #ffffff;\" href=\"https:\/\/www.linkedin.com\/company\/105481683\/admin\/dashboard\/\" target=\"_blank\" rel=\"noopener\">LinkedIn<\/a><\/p><p>Financiado pela Uni\u00e3o Europeia. No entanto, as opini\u00f5es e pontos de vista expressos s\u00e3o da exclusiva responsabilidade do(s) autor(es) e n\u00e3o refletem necessariamente os da Uni\u00e3o Europeia ou da Ag\u00eancia Estatal para o Desenvolvimento da Educa\u00e7\u00e3o. Nem a Uni\u00e3o Europeia nem a autoridade financiadora podem ser responsabilizadas por eles.<\/p>\t\t\t\t\t\t\t\t<\/div>\n\t\t\t\t<\/div>\n\t\t\t\t<div class=\"elementor-element elementor-element-f938ddf elementor-widget elementor-widget-heading\" data-id=\"f938ddf\" data-element_type=\"widget\" data-widget_type=\"heading.default\">\n\t\t\t\t<div class=\"elementor-widget-container\">\n\t\t\t\t\t<h2 class=\"elementor-heading-title elementor-size-default\">Parceiros<\/h2>\t\t\t\t<\/div>\n\t\t\t\t<\/div>\n\t\t\t\t\t<\/div>\n\t\t\t\t<\/div>\n\t\t<div class=\"elementor-element elementor-element-cf7bd60 e-flex e-con-boxed e-con e-parent\" data-id=\"cf7bd60\" data-element_type=\"container\">\n\t\t\t\t\t<div class=\"e-con-inner\">\n\t\t<div class=\"elementor-element elementor-element-0b663dc e-con-full e-flex e-con e-child\" data-id=\"0b663dc\" data-element_type=\"container\">\n\t\t\t\t<div class=\"elementor-element elementor-element-508bef9 elementor-widget elementor-widget-image\" data-id=\"508bef9\" data-element_type=\"widget\" data-widget_type=\"image.default\">\n\t\t\t\t<div class=\"elementor-widget-container\">\n\t\t\t\t\t\t\t\t\t\t\t\t\t\t\t\t<a href=\"https:\/\/developvalmiera.lv\/\" target=\"_blank\">\n\t\t\t\t\t\t\t<img decoding=\"async\" width=\"843\" height=\"341\" src=\"https:\/\/ecsh.pt\/wp-content\/uploads\/2025\/01\/vaa__original_eng-1024x414.png\" class=\"attachment-large size-large wp-image-699\" alt=\"\" srcset=\"https:\/\/ecsh.pt\/wp-content\/uploads\/2025\/01\/vaa__original_eng-1024x414.png 1024w, https:\/\/ecsh.pt\/wp-content\/uploads\/2025\/01\/vaa__original_eng-300x121.png 300w, https:\/\/ecsh.pt\/wp-content\/uploads\/2025\/01\/vaa__original_eng-768x311.png 768w, https:\/\/ecsh.pt\/wp-content\/uploads\/2025\/01\/vaa__original_eng-1536x621.png 1536w, https:\/\/ecsh.pt\/wp-content\/uploads\/2025\/01\/vaa__original_eng-2048x828.png 2048w, https:\/\/ecsh.pt\/wp-content\/uploads\/2025\/01\/elementor\/thumbs\/vaa__original_eng-r0o3rhs1u0umrir2qdfa3tf79o42vh7legitqc9ise.png 5w\" sizes=\"(max-width: 843px) 100vw, 843px\" \/>\t\t\t\t\t\t\t\t<\/a>\n\t\t\t\t\t\t\t\t\t\t\t\t\t\t\t<\/div>\n\t\t\t\t<\/div>\n\t\t\t\t<\/div>\n\t\t\t\t<div class=\"elementor-element elementor-element-df36f98 elementor-widget elementor-widget-image\" data-id=\"df36f98\" data-element_type=\"widget\" data-widget_type=\"image.default\">\n\t\t\t\t<div class=\"elementor-widget-container\">\n\t\t\t\t\t\t\t\t\t\t\t\t\t\t\t\t<a href=\"https:\/\/www.welearn.ie\/\" target=\"_blank\">\n\t\t\t\t\t\t\t<img loading=\"lazy\" decoding=\"async\" width=\"150\" height=\"150\" src=\"https:\/\/ecsh.pt\/wp-content\/uploads\/2025\/01\/Screenshot-2025-01-21-at-16.17.15-150x150.png\" class=\"attachment-thumbnail size-thumbnail wp-image-552\" alt=\"\" srcset=\"https:\/\/ecsh.pt\/wp-content\/uploads\/2025\/01\/Screenshot-2025-01-21-at-16.17.15-150x150.png 150w, https:\/\/ecsh.pt\/wp-content\/uploads\/2025\/01\/Screenshot-2025-01-21-at-16.17.15-298x300.png 298w, https:\/\/ecsh.pt\/wp-content\/uploads\/2025\/01\/Screenshot-2025-01-21-at-16.17.15-1016x1024.png 1016w, https:\/\/ecsh.pt\/wp-content\/uploads\/2025\/01\/Screenshot-2025-01-21-at-16.17.15-768x774.png 768w, https:\/\/ecsh.pt\/wp-content\/uploads\/2025\/01\/Screenshot-2025-01-21-at-16.17.15.png 1270w\" sizes=\"(max-width: 150px) 100vw, 150px\" \/>\t\t\t\t\t\t\t\t<\/a>\n\t\t\t\t\t\t\t\t\t\t\t\t\t\t\t<\/div>\n\t\t\t\t<\/div>\n\t\t<div class=\"elementor-element elementor-element-65bfcb4 e-con-full e-flex e-con e-child\" data-id=\"65bfcb4\" data-element_type=\"container\">\n\t\t\t\t<div class=\"elementor-element elementor-element-70087e9 elementor-widget elementor-widget-image\" data-id=\"70087e9\" data-element_type=\"widget\" data-widget_type=\"image.default\">\n\t\t\t\t<div class=\"elementor-widget-container\">\n\t\t\t\t\t\t\t\t\t\t\t\t\t\t\t\t<a href=\"https:\/\/edu.ustanovacallidus.hr\/\" target=\"_blank\">\n\t\t\t\t\t\t\t<img decoding=\"async\" src=\"https:\/\/ecsh.pt\/wp-content\/uploads\/2025\/01\/callidus_e_platforma_logo.png\" title=\"callidus_e_platforma_logo\" alt=\"callidus_e_platforma_logo\" loading=\"lazy\" \/>\t\t\t\t\t\t\t\t<\/a>\n\t\t\t\t\t\t\t\t\t\t\t\t\t\t\t<\/div>\n\t\t\t\t<\/div>\n\t\t\t\t<\/div>\n\t\t<div class=\"elementor-element elementor-element-e4e68b1 e-con-full e-flex e-con e-child\" data-id=\"e4e68b1\" data-element_type=\"container\">\n\t\t\t\t<div class=\"elementor-element elementor-element-2fc940e elementor-widget elementor-widget-image\" data-id=\"2fc940e\" data-element_type=\"widget\" data-widget_type=\"image.default\">\n\t\t\t\t<div class=\"elementor-widget-container\">\n\t\t\t\t\t\t\t\t\t\t\t\t\t\t\t\t<a href=\"https:\/\/acta-foundation.eu\/\" target=\"_blank\">\n\t\t\t\t\t\t\t<img loading=\"lazy\" decoding=\"async\" width=\"843\" height=\"264\" src=\"https:\/\/ecsh.pt\/wp-content\/uploads\/2025\/01\/Screenshot-2025-01-21-at-16.21.49.png\" class=\"attachment-large size-large wp-image-556\" alt=\"\" srcset=\"https:\/\/ecsh.pt\/wp-content\/uploads\/2025\/01\/Screenshot-2025-01-21-at-16.21.49.png 984w, https:\/\/ecsh.pt\/wp-content\/uploads\/2025\/01\/Screenshot-2025-01-21-at-16.21.49-300x94.png 300w, https:\/\/ecsh.pt\/wp-content\/uploads\/2025\/01\/Screenshot-2025-01-21-at-16.21.49-768x240.png 768w\" sizes=\"(max-width: 843px) 100vw, 843px\" \/>\t\t\t\t\t\t\t\t<\/a>\n\t\t\t\t\t\t\t\t\t\t\t\t\t\t\t<\/div>\n\t\t\t\t<\/div>\n\t\t\t\t<\/div>\n\t\t<div class=\"elementor-element elementor-element-363b696 e-con-full e-flex e-con e-child\" data-id=\"363b696\" data-element_type=\"container\">\n\t\t\t\t<div class=\"elementor-element elementor-element-3cfc96a elementor-widget elementor-widget-image\" data-id=\"3cfc96a\" data-element_type=\"widget\" data-widget_type=\"image.default\">\n\t\t\t\t<div class=\"elementor-widget-container\">\n\t\t\t\t\t\t\t\t\t\t\t\t\t\t\t\t<a href=\"https:\/\/constantahub.ro\/\" target=\"_blank\">\n\t\t\t\t\t\t\t<img decoding=\"async\" src=\"https:\/\/ecsh.pt\/wp-content\/uploads\/elementor\/thumbs\/Logo-ConstantaHUB5-Negru-pe-alb-Dreptunghi-r0capd8qlu03mziobp42ofsibc86cal15goccrzmgy.png\" title=\"Logo-ConstantaHUB5-Negru-pe-alb-Dreptunghi\" alt=\"Logo-ConstantaHUB5-Negru-pe-alb-Dreptunghi\" loading=\"lazy\" \/>\t\t\t\t\t\t\t\t<\/a>\n\t\t\t\t\t\t\t\t\t\t\t\t\t\t\t<\/div>\n\t\t\t\t<\/div>\n\t\t\t\t<\/div>\n\t\t\t\t\t<\/div>\n\t\t\t\t<\/div>\n\t\t<div class=\"elementor-element elementor-element-f7834b0 e-con-full e-flex e-con e-parent\" data-id=\"f7834b0\" data-element_type=\"container\" data-settings=\"{&quot;background_background&quot;:&quot;gradient&quot;}\">\n\t\t<div class=\"elementor-element elementor-element-a96113e e-con-full e-flex e-con e-child\" data-id=\"a96113e\" data-element_type=\"container\">\n\t\t\t\t<\/div>\n\t\t<div class=\"elementor-element elementor-element-6f7d779 e-con-full e-flex e-con e-child\" data-id=\"6f7d779\" data-element_type=\"container\">\n\t\t\t\t<div class=\"elementor-element elementor-element-e53d6f6 elementor-widget elementor-widget-image\" data-id=\"e53d6f6\" data-element_type=\"widget\" data-widget_type=\"image.default\">\n\t\t\t\t<div class=\"elementor-widget-container\">\n\t\t\t\t\t\t\t\t\t\t\t\t\t\t\t<img decoding=\"async\" src=\"https:\/\/ecsh.pt\/wp-content\/uploads\/elementor\/thumbs\/ECSH_Logo_Branco-qh246sg77rugwee0hwpinnsc0nyn1qrvxs6b28r5co.png\" title=\"ECSH_Logo_Branco\" alt=\"ECSH_Logo_Branco\" loading=\"lazy\" \/>\t\t\t\t\t\t\t\t\t\t\t\t\t\t\t<\/div>\n\t\t\t\t<\/div>\n\t\t\t\t<div class=\"elementor-element elementor-element-2865dba elementor-widget elementor-widget-text-editor\" data-id=\"2865dba\" data-element_type=\"widget\" data-widget_type=\"text-editor.default\">\n\t\t\t\t<div class=\"elementor-widget-container\">\n\t\t\t\t\t\t\t\t\t<p>Rua do Conde de Ferreira, n\u00ba 208, <br \/>Bonfim 4000-222 Porto<br \/>geral@ecsh.pt<br \/>+351 225 372 769<\/p>\t\t\t\t\t\t\t\t<\/div>\n\t\t\t\t<\/div>\n\t\t\t\t<\/div>\n\t\t<div class=\"elementor-element elementor-element-271a689 e-con-full e-flex e-con e-child\" data-id=\"271a689\" data-element_type=\"container\">\n\t\t\t\t<\/div>\n\t\t\t\t<\/div>\n\t\t\t\t<\/div>\n\t\t","protected":false},"excerpt":{"rendered":"<p>PT | EN Quem Somos\u00a0 \u00a0 \u00a0 Servi\u00e7os\u00a0 \u00a0 \u00a0Not\u00edcias\u00a0 \u00a0 \u00a0Projetos Rural Impact https:\/\/trainingclub.io\/rural-impact\/ \u00a0O projeto &#8220;Rural Impact&#8221; consiste em aproveitar o potencial do&hellip;<\/p>\n","protected":false},"author":1,"featured_media":0,"parent":0,"menu_order":0,"comment_status":"closed","ping_status":"closed","template":"","meta":{"footnotes":""},"class_list":["post-549","page","type-page","status-publish","hentry"],"_links":{"self":[{"href":"https:\/\/ecsh.pt\/index.php?rest_route=\/wp\/v2\/pages\/549","targetHints":{"allow":["GET"]}}],"collection":[{"href":"https:\/\/ecsh.pt\/index.php?rest_route=\/wp\/v2\/pages"}],"about":[{"href":"https:\/\/ecsh.pt\/index.php?rest_route=\/wp\/v2\/types\/page"}],"author":[{"embeddable":true,"href":"https:\/\/ecsh.pt\/index.php?rest_route=\/wp\/v2\/users\/1"}],"replies":[{"embeddable":true,"href":"https:\/\/ecsh.pt\/index.php?rest_route=%2Fwp%2Fv2%2Fcomments&post=549"}],"version-history":[{"count":37,"href":"https:\/\/ecsh.pt\/index.php?rest_route=\/wp\/v2\/pages\/549\/revisions"}],"predecessor-version":[{"id":988,"href":"https:\/\/ecsh.pt\/index.php?rest_route=\/wp\/v2\/pages\/549\/revisions\/988"}],"wp:attachment":[{"href":"https:\/\/ecsh.pt\/index.php?rest_route=%2Fwp%2Fv2%2Fmedia&parent=549"}],"curies":[{"name":"wp","href":"https:\/\/api.w.org\/{rel}","templated":true}]}}