{"id":274,"date":"2023-12-20T15:43:18","date_gmt":"2023-12-20T15:43:18","guid":{"rendered":"https:\/\/ecsh.pt\/?page_id=274"},"modified":"2025-01-21T16:58:43","modified_gmt":"2025-01-21T16:58:43","slug":"servicos","status":"publish","type":"page","link":"https:\/\/ecsh.pt\/?page_id=274","title":{"rendered":"Servi\u00e7os"},"content":{"rendered":"\t\t<div data-elementor-type=\"wp-page\" data-elementor-id=\"274\" class=\"elementor elementor-274\">\n\t\t\t\t<div class=\"elementor-element elementor-element-0584b3f e-flex e-con-boxed e-con e-parent\" data-id=\"0584b3f\" data-element_type=\"container\">\n\t\t\t\t\t<div class=\"e-con-inner\">\n\t\t<div class=\"elementor-element elementor-element-7399869 e-con-full e-flex e-con e-child\" data-id=\"7399869\" data-element_type=\"container\">\n\t\t\t\t<\/div>\n\t\t<div class=\"elementor-element elementor-element-3555328 e-con-full e-flex e-con e-child\" data-id=\"3555328\" data-element_type=\"container\">\n\t\t\t\t<div class=\"elementor-element elementor-element-c926051 elementor-widget elementor-widget-image\" data-id=\"c926051\" data-element_type=\"widget\" data-widget_type=\"image.default\">\n\t\t\t\t<div class=\"elementor-widget-container\">\n\t\t\t\t\t\t\t\t\t\t\t\t\t\t\t\t<a href=\"https:\/\/ecsh.pt\/?page_id=22\">\n\t\t\t\t\t\t\t<img fetchpriority=\"high\" decoding=\"async\" width=\"843\" height=\"342\" src=\"https:\/\/ecsh.pt\/wp-content\/uploads\/2023\/12\/cropped-ECSH_Logo-01-1024x415.png\" class=\"attachment-large size-large wp-image-17\" alt=\"\" srcset=\"https:\/\/ecsh.pt\/wp-content\/uploads\/2023\/12\/cropped-ECSH_Logo-01-1024x415.png 1024w, https:\/\/ecsh.pt\/wp-content\/uploads\/2023\/12\/cropped-ECSH_Logo-01-300x122.png 300w, https:\/\/ecsh.pt\/wp-content\/uploads\/2023\/12\/cropped-ECSH_Logo-01-768x311.png 768w, https:\/\/ecsh.pt\/wp-content\/uploads\/2023\/12\/cropped-ECSH_Logo-01-1536x623.png 1536w, https:\/\/ecsh.pt\/wp-content\/uploads\/2023\/12\/cropped-ECSH_Logo-01-2048x830.png 2048w\" sizes=\"(max-width: 843px) 100vw, 843px\" \/>\t\t\t\t\t\t\t\t<\/a>\n\t\t\t\t\t\t\t\t\t\t\t\t\t\t\t<\/div>\n\t\t\t\t<\/div>\n\t\t\t\t<\/div>\n\t\t<div class=\"elementor-element elementor-element-78c4030 e-con-full e-flex e-con e-child\" data-id=\"78c4030\" data-element_type=\"container\">\n\t\t\t\t<div class=\"elementor-element elementor-element-b478380 elementor-widget__width-initial elementor-widget elementor-widget-text-editor\" data-id=\"b478380\" data-element_type=\"widget\" data-widget_type=\"text-editor.default\">\n\t\t\t\t<div class=\"elementor-widget-container\">\n\t\t\t\t\t\t\t\t\t<p><a href=\"https:\/\/ecsh.pt\/?page_id=274\">PT<\/a> | <a href=\"https:\/\/ecsh.pt\/?page_id=321\">EN<\/a><\/p>\t\t\t\t\t\t\t\t<\/div>\n\t\t\t\t<\/div>\n\t\t\t\t<\/div>\n\t\t\t\t\t<\/div>\n\t\t\t\t<\/div>\n\t\t<div class=\"elementor-element elementor-element-25a3924 e-con-full e-transform e-flex e-con e-parent\" data-id=\"25a3924\" data-element_type=\"container\" data-settings=\"{&quot;background_background&quot;:&quot;gradient&quot;,&quot;_transform_scale_effect&quot;:{&quot;unit&quot;:&quot;px&quot;,&quot;size&quot;:1,&quot;sizes&quot;:[]},&quot;_transform_scale_effect_tablet&quot;:{&quot;unit&quot;:&quot;px&quot;,&quot;size&quot;:&quot;&quot;,&quot;sizes&quot;:[]},&quot;_transform_scale_effect_mobile&quot;:{&quot;unit&quot;:&quot;px&quot;,&quot;size&quot;:&quot;&quot;,&quot;sizes&quot;:[]}}\">\n\t\t\t\t<div class=\"elementor-element elementor-element-0b1ba1f elementor-widget__width-inherit elementor-widget elementor-widget-text-editor\" data-id=\"0b1ba1f\" data-element_type=\"widget\" data-widget_type=\"text-editor.default\">\n\t\t\t\t<div class=\"elementor-widget-container\">\n\t\t\t\t\t\t\t\t\t<p><a href=\"https:\/\/ecsh.pt\/?page_id=154\">Quem Somos\u00a0<\/a> \u00a0 \u00a0 <a href=\"https:\/\/ecsh.pt\/?page_id=274\">Servi\u00e7os<\/a>\u00a0 \u00a0 \u00a0<a href=\"https:\/\/ecsh.pt\/?page_id=197\">Not\u00edcias<\/a>\u00a0 \u00a0 \u00a0<a href=\"https:\/\/ecsh.pt\/?page_id=220\">Projetos<\/a><\/p>\t\t\t\t\t\t\t\t<\/div>\n\t\t\t\t<\/div>\n\t\t\t\t<\/div>\n\t\t<div class=\"elementor-element elementor-element-f4b80e1 e-con-full e-flex e-con e-parent\" data-id=\"f4b80e1\" data-element_type=\"container\">\n\t\t\t\t<div class=\"elementor-element elementor-element-5a35bb7 elementor-widget__width-inherit elementor-widget elementor-widget-shortcode\" data-id=\"5a35bb7\" data-element_type=\"widget\" data-widget_type=\"shortcode.default\">\n\t\t\t\t<div class=\"elementor-widget-container\">\n\t\t\t\t\t\t\t<div class=\"elementor-shortcode\"><\/div>\n\t\t\t\t\t\t<\/div>\n\t\t\t\t<\/div>\n\t\t\t\t<\/div>\n\t\t<div class=\"elementor-element elementor-element-f069677 e-con-full e-flex e-con e-parent\" data-id=\"f069677\" data-element_type=\"container\">\n\t\t<div class=\"elementor-element elementor-element-df70ccd e-con-full e-flex e-con e-child\" data-id=\"df70ccd\" data-element_type=\"container\">\n\t\t\t\t<\/div>\n\t\t<div class=\"elementor-element elementor-element-f20ff1b e-con-full e-flex e-con e-child\" data-id=\"f20ff1b\" data-element_type=\"container\">\n\t\t\t\t<div class=\"elementor-element elementor-element-3442986 elementor-widget elementor-widget-heading\" data-id=\"3442986\" data-element_type=\"widget\" data-widget_type=\"heading.default\">\n\t\t\t\t<div class=\"elementor-widget-container\">\n\t\t\t\t\t<h2 class=\"elementor-heading-title elementor-size-default\">Tipologia de cursos<\/h2>\t\t\t\t<\/div>\n\t\t\t\t<\/div>\n\t\t\t\t<\/div>\n\t\t<div class=\"elementor-element elementor-element-b52d0f3 e-con-full e-flex e-con e-child\" data-id=\"b52d0f3\" data-element_type=\"container\">\n\t\t\t\t<\/div>\n\t\t\t\t<\/div>\n\t\t<div class=\"elementor-element elementor-element-29a4e1f e-con-full e-flex elementor-invisible e-con e-parent\" data-id=\"29a4e1f\" data-element_type=\"container\" data-settings=\"{&quot;animation&quot;:&quot;fadeIn&quot;}\">\n\t\t<div class=\"elementor-element elementor-element-ad51b5c e-con-full e-flex e-con e-child\" data-id=\"ad51b5c\" data-element_type=\"container\">\n\t\t\t\t<div class=\"elementor-element elementor-element-2f2dbf5 elementor-widget elementor-widget-image\" data-id=\"2f2dbf5\" data-element_type=\"widget\" data-widget_type=\"image.default\">\n\t\t\t\t<div class=\"elementor-widget-container\">\n\t\t\t\t\t\t\t\t\t\t\t\t\t\t\t<img decoding=\"async\" src=\"https:\/\/ecsh.pt\/wp-content\/uploads\/elementor\/thumbs\/Website-07-1-qh3immzztlrmbkztc2rmvw9ruyio2mf8iuzkygb0hm.png\" title=\"Website-07\" alt=\"Website-07\" loading=\"lazy\" \/>\t\t\t\t\t\t\t\t\t\t\t\t\t\t\t<\/div>\n\t\t\t\t<\/div>\n\t\t\t\t<div class=\"elementor-element elementor-element-f3e4e7c elementor-widget__width-initial elementor-widget elementor-widget-text-editor\" data-id=\"f3e4e7c\" data-element_type=\"widget\" data-widget_type=\"text-editor.default\">\n\t\t\t\t<div class=\"elementor-widget-container\">\n\t\t\t\t\t\t\t\t\t<p>Desenvolvimento Infantil; Psicologia do <br \/>Adolescente; Desenvolvimento Humano ao <br \/>Longo da Vida.<\/p>\t\t\t\t\t\t\t\t<\/div>\n\t\t\t\t<\/div>\n\t\t\t\t<\/div>\n\t\t<div class=\"elementor-element elementor-element-2674f14 e-con-full e-flex e-con e-child\" data-id=\"2674f14\" data-element_type=\"container\">\n\t\t\t\t<div class=\"elementor-element elementor-element-fba8e9e elementor-widget elementor-widget-image\" data-id=\"fba8e9e\" data-element_type=\"widget\" data-widget_type=\"image.default\">\n\t\t\t\t<div class=\"elementor-widget-container\">\n\t\t\t\t\t\t\t\t\t\t\t\t\t\t\t<img decoding=\"async\" src=\"https:\/\/ecsh.pt\/wp-content\/uploads\/elementor\/thumbs\/Website-02-qh3im5527r366zpr8d1q2is0kmyp0dgc4elcu71hru.png\" title=\"Website-02\" alt=\"Website-02\" loading=\"lazy\" \/>\t\t\t\t\t\t\t\t\t\t\t\t\t\t\t<\/div>\n\t\t\t\t<\/div>\n\t\t\t\t<div class=\"elementor-element elementor-element-a29b285 elementor-widget elementor-widget-text-editor\" data-id=\"a29b285\" data-element_type=\"widget\" data-widget_type=\"text-editor.default\">\n\t\t\t\t<div class=\"elementor-widget-container\">\n\t\t\t\t\t\t\t\t\t<p>Estrat\u00e9gias para a cria\u00e7\u00e3o e gest\u00e3o de projetos <br \/>sociais e organiza\u00e7\u00f5es n\u00e3o-governamentais.<\/p>\t\t\t\t\t\t\t\t<\/div>\n\t\t\t\t<\/div>\n\t\t\t\t<\/div>\n\t\t<div class=\"elementor-element elementor-element-07dc6db e-con-full e-flex e-con e-child\" data-id=\"07dc6db\" data-element_type=\"container\">\n\t\t\t\t<div class=\"elementor-element elementor-element-140795d elementor-widget elementor-widget-image\" data-id=\"140795d\" data-element_type=\"widget\" data-widget_type=\"image.default\">\n\t\t\t\t<div class=\"elementor-widget-container\">\n\t\t\t\t\t\t\t\t\t\t\t\t\t\t\t<img decoding=\"async\" src=\"https:\/\/ecsh.pt\/wp-content\/uploads\/elementor\/thumbs\/Website-03-1-qh3im7yks9715tlnrw9ls02ecsksngrj4sjta0xb96.png\" title=\"Website-03\" alt=\"Website-03\" loading=\"lazy\" \/>\t\t\t\t\t\t\t\t\t\t\t\t\t\t\t<\/div>\n\t\t\t\t<\/div>\n\t\t\t\t<div class=\"elementor-element elementor-element-7173c52 elementor-widget elementor-widget-text-editor\" data-id=\"7173c52\" data-element_type=\"widget\" data-widget_type=\"text-editor.default\">\n\t\t\t\t<div class=\"elementor-widget-container\">\n\t\t\t\t\t\t\t\t\t<p>Desenvolvimento de habilidades de media\u00e7\u00e3o <br \/>para lidar com conflitos em diversos contextos.<\/p>\t\t\t\t\t\t\t\t<\/div>\n\t\t\t\t<\/div>\n\t\t\t\t<\/div>\n\t\t\t\t<\/div>\n\t\t<div class=\"elementor-element elementor-element-caee747 e-con-full e-flex elementor-invisible e-con e-parent\" data-id=\"caee747\" data-element_type=\"container\" data-settings=\"{&quot;animation&quot;:&quot;fadeIn&quot;}\">\n\t\t<div class=\"elementor-element elementor-element-f485dff e-con-full e-flex e-con e-child\" data-id=\"f485dff\" data-element_type=\"container\">\n\t\t\t\t<div class=\"elementor-element elementor-element-decf19c elementor-widget elementor-widget-image\" data-id=\"decf19c\" data-element_type=\"widget\" data-widget_type=\"image.default\">\n\t\t\t\t<div class=\"elementor-widget-container\">\n\t\t\t\t\t\t\t\t\t\t\t\t\t\t\t<img decoding=\"async\" src=\"https:\/\/ecsh.pt\/wp-content\/uploads\/elementor\/thumbs\/Website-04-1-qh3imcnrqfdgrveu0gaqmgvpbpxmpya6tft8oeqce2.png\" title=\"Website-04\" alt=\"Website-04\" loading=\"lazy\" \/>\t\t\t\t\t\t\t\t\t\t\t\t\t\t\t<\/div>\n\t\t\t\t<\/div>\n\t\t\t\t<div class=\"elementor-element elementor-element-e05299b elementor-widget__width-initial elementor-widget elementor-widget-text-editor\" data-id=\"e05299b\" data-element_type=\"widget\" data-widget_type=\"text-editor.default\">\n\t\t\t\t<div class=\"elementor-widget-container\">\n\t\t\t\t\t\t\t\t\t<p>Explora\u00e7\u00e3o de quest\u00f5es \u00e9ticas relacionadas com <br \/>pr\u00e1ticas profissionais e responsabilidade social.<\/p>\t\t\t\t\t\t\t\t<\/div>\n\t\t\t\t<\/div>\n\t\t\t\t<\/div>\n\t\t<div class=\"elementor-element elementor-element-e99c338 e-con-full e-flex e-con e-child\" data-id=\"e99c338\" data-element_type=\"container\">\n\t\t\t\t<div class=\"elementor-element elementor-element-b6e6cf0 elementor-widget elementor-widget-image\" data-id=\"b6e6cf0\" data-element_type=\"widget\" data-widget_type=\"image.default\">\n\t\t\t\t<div class=\"elementor-widget-container\">\n\t\t\t\t\t\t\t\t\t\t\t\t\t\t\t<img decoding=\"async\" src=\"https:\/\/ecsh.pt\/wp-content\/uploads\/elementor\/thumbs\/Website-05-1-qh3imfhaaxhbqpaqjzimby633vjqd1ldttrp48m5ve.png\" title=\"Website-05\" alt=\"Website-05\" loading=\"lazy\" \/>\t\t\t\t\t\t\t\t\t\t\t\t\t\t\t<\/div>\n\t\t\t\t<\/div>\n\t\t\t\t<div class=\"elementor-element elementor-element-f5a7263 elementor-widget__width-initial elementor-widget elementor-widget-text-editor\" data-id=\"f5a7263\" data-element_type=\"widget\" data-widget_type=\"text-editor.default\">\n\t\t\t\t<div class=\"elementor-widget-container\">\n\t\t\t\t\t\t\t\t\t<p>Eventos sobre temas espec\u00edficos, como direitos <br \/>humanos, justi\u00e7a social, entre outros.<\/p>\t\t\t\t\t\t\t\t<\/div>\n\t\t\t\t<\/div>\n\t\t\t\t<\/div>\n\t\t<div class=\"elementor-element elementor-element-60bfee9 e-con-full e-flex e-con e-child\" data-id=\"60bfee9\" data-element_type=\"container\">\n\t\t\t\t<div class=\"elementor-element elementor-element-55f7895 elementor-widget elementor-widget-image\" data-id=\"55f7895\" data-element_type=\"widget\" data-widget_type=\"image.default\">\n\t\t\t\t<div class=\"elementor-widget-container\">\n\t\t\t\t\t\t\t\t\t\t\t\t\t\t\t<img decoding=\"async\" src=\"https:\/\/ecsh.pt\/wp-content\/uploads\/elementor\/thumbs\/Website-06-1-qh3imiasvfl6pj6n3iqi1fggw15u04wku7q5k2hzcq.png\" title=\"Website-06\" alt=\"Website-06\" loading=\"lazy\" \/>\t\t\t\t\t\t\t\t\t\t\t\t\t\t\t<\/div>\n\t\t\t\t<\/div>\n\t\t\t\t<div class=\"elementor-element elementor-element-dd3d9b6 elementor-widget__width-initial elementor-widget elementor-widget-text-editor\" data-id=\"dd3d9b6\" data-element_type=\"widget\" data-widget_type=\"text-editor.default\">\n\t\t\t\t<div class=\"elementor-widget-container\">\n\t\t\t\t\t\t\t\t\t<p>Integra\u00e7\u00e3o em est\u00e1gios e oportunidades de <br \/>experi\u00eancia pr\u00e1tica para aplica\u00e7\u00e3o dos conhecimentos <br \/>adquiridos em contextos do mundo real.<\/p>\t\t\t\t\t\t\t\t<\/div>\n\t\t\t\t<\/div>\n\t\t\t\t<\/div>\n\t\t\t\t<\/div>\n\t\t<div class=\"elementor-element elementor-element-f7834b0 e-con-full e-flex e-con e-parent\" data-id=\"f7834b0\" data-element_type=\"container\" data-settings=\"{&quot;background_background&quot;:&quot;gradient&quot;}\">\n\t\t<div class=\"elementor-element elementor-element-a96113e e-con-full e-flex e-con e-child\" data-id=\"a96113e\" data-element_type=\"container\">\n\t\t\t\t<\/div>\n\t\t<div class=\"elementor-element elementor-element-6f7d779 e-con-full e-flex e-con e-child\" data-id=\"6f7d779\" data-element_type=\"container\">\n\t\t\t\t<div class=\"elementor-element elementor-element-e53d6f6 elementor-widget elementor-widget-image\" data-id=\"e53d6f6\" data-element_type=\"widget\" data-widget_type=\"image.default\">\n\t\t\t\t<div class=\"elementor-widget-container\">\n\t\t\t\t\t\t\t\t\t\t\t\t\t\t\t<img decoding=\"async\" src=\"https:\/\/ecsh.pt\/wp-content\/uploads\/elementor\/thumbs\/ECSH_Logo_Branco-qh246sg77rugwee0hwpinnsc0nyn1qrvxs6b28r5co.png\" title=\"ECSH_Logo_Branco\" alt=\"ECSH_Logo_Branco\" loading=\"lazy\" \/>\t\t\t\t\t\t\t\t\t\t\t\t\t\t\t<\/div>\n\t\t\t\t<\/div>\n\t\t\t\t<div class=\"elementor-element elementor-element-2865dba elementor-widget elementor-widget-text-editor\" data-id=\"2865dba\" data-element_type=\"widget\" data-widget_type=\"text-editor.default\">\n\t\t\t\t<div class=\"elementor-widget-container\">\n\t\t\t\t\t\t\t\t\t<p>Rua do Conde de Ferreira, n\u00ba 208, <br \/>Bonfim 4000-222 Porto<br \/>geral@ecsh.pt<br \/>+351 225 372 769<\/p>\t\t\t\t\t\t\t\t<\/div>\n\t\t\t\t<\/div>\n\t\t\t\t<\/div>\n\t\t<div class=\"elementor-element elementor-element-271a689 e-con-full e-flex e-con e-child\" data-id=\"271a689\" data-element_type=\"container\">\n\t\t\t\t<\/div>\n\t\t\t\t<\/div>\n\t\t\t\t<\/div>\n\t\t","protected":false},"excerpt":{"rendered":"<p>PT | EN Quem Somos\u00a0 \u00a0 \u00a0 Servi\u00e7os\u00a0 \u00a0 \u00a0Not\u00edcias\u00a0 \u00a0 \u00a0Projetos Tipologia de cursos Desenvolvimento Infantil; Psicologia do Adolescente; Desenvolvimento Humano ao Longo da&hellip;<\/p>\n","protected":false},"author":1,"featured_media":0,"parent":0,"menu_order":0,"comment_status":"closed","ping_status":"closed","template":"elementor_canvas","meta":{"footnotes":""},"class_list":["post-274","page","type-page","status-publish","hentry"],"_links":{"self":[{"href":"https:\/\/ecsh.pt\/index.php?rest_route=\/wp\/v2\/pages\/274","targetHints":{"allow":["GET"]}}],"collection":[{"href":"https:\/\/ecsh.pt\/index.php?rest_route=\/wp\/v2\/pages"}],"about":[{"href":"https:\/\/ecsh.pt\/index.php?rest_route=\/wp\/v2\/types\/page"}],"author":[{"embeddable":true,"href":"https:\/\/ecsh.pt\/index.php?rest_route=\/wp\/v2\/users\/1"}],"replies":[{"embeddable":true,"href":"https:\/\/ecsh.pt\/index.php?rest_route=%2Fwp%2Fv2%2Fcomments&post=274"}],"version-history":[{"count":31,"href":"https:\/\/ecsh.pt\/index.php?rest_route=\/wp\/v2\/pages\/274\/revisions"}],"predecessor-version":[{"id":672,"href":"https:\/\/ecsh.pt\/index.php?rest_route=\/wp\/v2\/pages\/274\/revisions\/672"}],"wp:attachment":[{"href":"https:\/\/ecsh.pt\/index.php?rest_route=%2Fwp%2Fv2%2Fmedia&parent=274"}],"curies":[{"name":"wp","href":"https:\/\/api.w.org\/{rel}","templated":true}]}}