{"id":22,"date":"2023-12-18T20:52:15","date_gmt":"2023-12-18T20:52:15","guid":{"rendered":"https:\/\/ecsh.pt\/?page_id=22"},"modified":"2025-01-21T16:57:08","modified_gmt":"2025-01-21T16:57:08","slug":"pagina-inicial","status":"publish","type":"page","link":"https:\/\/ecsh.pt\/","title":{"rendered":"P\u00e1gina Inicial"},"content":{"rendered":"\t\t<div data-elementor-type=\"wp-page\" data-elementor-id=\"22\" class=\"elementor elementor-22\">\n\t\t\t\t<div class=\"elementor-element elementor-element-1ede8c8 e-flex e-con-boxed e-con e-parent\" data-id=\"1ede8c8\" data-element_type=\"container\">\n\t\t\t\t\t<div class=\"e-con-inner\">\n\t\t<div class=\"elementor-element elementor-element-68cc82b e-con-full e-flex e-con e-child\" data-id=\"68cc82b\" data-element_type=\"container\">\n\t\t\t\t<\/div>\n\t\t<div class=\"elementor-element elementor-element-2376c4a e-con-full e-flex e-con e-child\" data-id=\"2376c4a\" data-element_type=\"container\">\n\t\t\t\t<div class=\"elementor-element elementor-element-0c97f48 elementor-widget elementor-widget-image\" data-id=\"0c97f48\" data-element_type=\"widget\" data-widget_type=\"image.default\">\n\t\t\t\t<div class=\"elementor-widget-container\">\n\t\t\t\t\t\t\t\t\t\t\t\t\t\t\t\t<a href=\"https:\/\/ecsh.pt\/?page_id=22\">\n\t\t\t\t\t\t\t<img fetchpriority=\"high\" decoding=\"async\" width=\"843\" height=\"342\" src=\"https:\/\/ecsh.pt\/wp-content\/uploads\/2023\/12\/cropped-ECSH_Logo-01-1024x415.png\" class=\"attachment-large size-large wp-image-17\" alt=\"\" srcset=\"https:\/\/ecsh.pt\/wp-content\/uploads\/2023\/12\/cropped-ECSH_Logo-01-1024x415.png 1024w, https:\/\/ecsh.pt\/wp-content\/uploads\/2023\/12\/cropped-ECSH_Logo-01-300x122.png 300w, https:\/\/ecsh.pt\/wp-content\/uploads\/2023\/12\/cropped-ECSH_Logo-01-768x311.png 768w, https:\/\/ecsh.pt\/wp-content\/uploads\/2023\/12\/cropped-ECSH_Logo-01-1536x623.png 1536w, https:\/\/ecsh.pt\/wp-content\/uploads\/2023\/12\/cropped-ECSH_Logo-01-2048x830.png 2048w\" sizes=\"(max-width: 843px) 100vw, 843px\" \/>\t\t\t\t\t\t\t\t<\/a>\n\t\t\t\t\t\t\t\t\t\t\t\t\t\t\t<\/div>\n\t\t\t\t<\/div>\n\t\t\t\t<\/div>\n\t\t<div class=\"elementor-element elementor-element-0ec94a4 e-con-full e-flex e-con e-child\" data-id=\"0ec94a4\" data-element_type=\"container\">\n\t\t\t\t<div class=\"elementor-element elementor-element-27d8944 elementor-widget__width-initial elementor-widget elementor-widget-text-editor\" data-id=\"27d8944\" data-element_type=\"widget\" data-widget_type=\"text-editor.default\">\n\t\t\t\t<div class=\"elementor-widget-container\">\n\t\t\t\t\t\t\t\t\t<p><a href=\"https:\/\/ecsh.pt\/?page_id=154\">PT<\/a> | <a href=\"https:\/\/ecsh.pt\/?page_id=315\">EN<\/a><\/p>\t\t\t\t\t\t\t\t<\/div>\n\t\t\t\t<\/div>\n\t\t\t\t<\/div>\n\t\t\t\t\t<\/div>\n\t\t\t\t<\/div>\n\t\t<div class=\"elementor-element elementor-element-25a3924 e-con-full e-transform e-flex e-con e-parent\" data-id=\"25a3924\" data-element_type=\"container\" data-settings=\"{&quot;background_background&quot;:&quot;gradient&quot;,&quot;_transform_scale_effect&quot;:{&quot;unit&quot;:&quot;px&quot;,&quot;size&quot;:1,&quot;sizes&quot;:[]},&quot;_transform_scale_effect_tablet&quot;:{&quot;unit&quot;:&quot;px&quot;,&quot;size&quot;:&quot;&quot;,&quot;sizes&quot;:[]},&quot;_transform_scale_effect_mobile&quot;:{&quot;unit&quot;:&quot;px&quot;,&quot;size&quot;:&quot;&quot;,&quot;sizes&quot;:[]}}\">\n\t\t\t\t<div class=\"elementor-element elementor-element-0b1ba1f elementor-widget__width-inherit elementor-widget elementor-widget-text-editor\" data-id=\"0b1ba1f\" data-element_type=\"widget\" data-widget_type=\"text-editor.default\">\n\t\t\t\t<div class=\"elementor-widget-container\">\n\t\t\t\t\t\t\t\t\t<p><a href=\"https:\/\/ecsh.pt\/?page_id=154\">Quem Somos\u00a0<\/a> \u00a0 \u00a0 <a href=\"https:\/\/ecsh.pt\/?page_id=274\">Servi\u00e7os<\/a>\u00a0 \u00a0 \u00a0<a href=\"https:\/\/ecsh.pt\/?page_id=197\">Not\u00edcias<\/a>\u00a0 \u00a0 \u00a0<a href=\"https:\/\/ecsh.pt\/?page_id=220\">Projetos<\/a><\/p>\t\t\t\t\t\t\t\t<\/div>\n\t\t\t\t<\/div>\n\t\t\t\t<\/div>\n\t\t<div class=\"elementor-element elementor-element-f4b80e1 e-con-full e-flex elementor-invisible e-con e-parent\" data-id=\"f4b80e1\" data-element_type=\"container\" data-settings=\"{&quot;animation&quot;:&quot;fadeIn&quot;}\">\n\t\t\t\t<div class=\"elementor-element elementor-element-5a35bb7 elementor-widget__width-inherit elementor-widget elementor-widget-shortcode\" data-id=\"5a35bb7\" data-element_type=\"widget\" data-widget_type=\"shortcode.default\">\n\t\t\t\t<div class=\"elementor-widget-container\">\n\t\t\t\t\t\t\t<div class=\"elementor-shortcode\"><\/div>\n\t\t\t\t\t\t<\/div>\n\t\t\t\t<\/div>\n\t\t\t\t<\/div>\n\t\t<div class=\"elementor-element elementor-element-d6771ed e-flex e-con-boxed e-con e-parent\" data-id=\"d6771ed\" data-element_type=\"container\" data-settings=\"{&quot;background_background&quot;:&quot;slideshow&quot;,&quot;background_slideshow_gallery&quot;:[{&quot;id&quot;:257,&quot;url&quot;:&quot;https:\\\/\\\/ecsh.pt\\\/wp-content\\\/uploads\\\/2023\\\/12\\\/Website-03.png&quot;}],&quot;background_slideshow_loop&quot;:&quot;yes&quot;,&quot;background_slideshow_slide_duration&quot;:5000,&quot;background_slideshow_slide_transition&quot;:&quot;fade&quot;,&quot;background_slideshow_transition_duration&quot;:500}\">\n\t\t\t\t\t<div class=\"e-con-inner\">\n\t\t<div class=\"elementor-element elementor-element-e47a4fd e-con-full e-flex e-con e-child\" data-id=\"e47a4fd\" data-element_type=\"container\">\n\t\t\t\t<\/div>\n\t\t<div class=\"elementor-element elementor-element-1667104 e-con-full e-flex e-con e-child\" data-id=\"1667104\" data-element_type=\"container\">\n\t\t\t\t<div class=\"elementor-element elementor-element-7a27d62 elementor-widget elementor-widget-heading\" data-id=\"7a27d62\" data-element_type=\"widget\" data-widget_type=\"heading.default\">\n\t\t\t\t<div class=\"elementor-widget-container\">\n\t\t\t\t\t<h2 class=\"elementor-heading-title elementor-size-default\"><br>Compromisso Social<\/h2>\t\t\t\t<\/div>\n\t\t\t\t<\/div>\n\t\t\t\t<div class=\"elementor-element elementor-element-7f13287 elementor-widget__width-initial elementor-widget elementor-widget-text-editor\" data-id=\"7f13287\" data-element_type=\"widget\" data-widget_type=\"text-editor.default\">\n\t\t\t\t<div class=\"elementor-widget-container\">\n\t\t\t\t\t\t\t\t\t<p>Contribuir para a constru\u00e7\u00e3o de uma sociedade mais justa, inclusiva e democr\u00e1tica, por meio da forma\u00e7\u00e3o para a inclus\u00e3o dos jovens.<\/p>\t\t\t\t\t\t\t\t<\/div>\n\t\t\t\t<\/div>\n\t\t\t\t<div class=\"elementor-element elementor-element-7bc0cb4 elementor-widget elementor-widget-heading\" data-id=\"7bc0cb4\" data-element_type=\"widget\" data-widget_type=\"heading.default\">\n\t\t\t\t<div class=\"elementor-widget-container\">\n\t\t\t\t\t<h2 class=\"elementor-heading-title elementor-size-default\">Desenvolvimento de Recursos Humanos<\/h2>\t\t\t\t<\/div>\n\t\t\t\t<\/div>\n\t\t\t\t<div class=\"elementor-element elementor-element-49853bd elementor-widget__width-initial elementor-widget elementor-widget-text-editor\" data-id=\"49853bd\" data-element_type=\"widget\" data-widget_type=\"text-editor.default\">\n\t\t\t\t<div class=\"elementor-widget-container\">\n\t\t\t\t\t\t\t\t\t<p>Formar profissionais qualificados e \u00e9ticos nas \u00e1reas de Ci\u00eancias Sociais e Humanas, promovendo o desenvolvimento de habilidades cr\u00edticas, anal\u00edticas e reflexivas.<\/p>\t\t\t\t\t\t\t\t<\/div>\n\t\t\t\t<\/div>\n\t\t\t\t<\/div>\n\t\t\t\t\t<\/div>\n\t\t\t\t<\/div>\n\t\t<div class=\"elementor-element elementor-element-a115cea e-flex e-con-boxed e-con e-parent\" data-id=\"a115cea\" data-element_type=\"container\">\n\t\t\t\t\t<div class=\"e-con-inner\">\n\t\t<div class=\"elementor-element elementor-element-44cb646 e-con-full e-flex e-con e-child\" data-id=\"44cb646\" data-element_type=\"container\">\n\t\t\t\t<\/div>\n\t\t<div class=\"elementor-element elementor-element-82ae8ac e-con-full e-flex e-con e-child\" data-id=\"82ae8ac\" data-element_type=\"container\">\n\t\t\t\t<div class=\"elementor-element elementor-element-a387b59 elementor-widget elementor-widget-heading\" data-id=\"a387b59\" data-element_type=\"widget\" data-widget_type=\"heading.default\">\n\t\t\t\t<div class=\"elementor-widget-container\">\n\t\t\t\t\t<h2 class=\"elementor-heading-title elementor-size-default\">Servi\u00e7os<\/h2>\t\t\t\t<\/div>\n\t\t\t\t<\/div>\n\t\t\t\t<\/div>\n\t\t<div class=\"elementor-element elementor-element-c134a00 e-con-full e-flex e-con e-child\" data-id=\"c134a00\" data-element_type=\"container\">\n\t\t\t\t<\/div>\n\t\t\t\t\t<\/div>\n\t\t\t\t<\/div>\n\t\t<div class=\"elementor-element elementor-element-4cd7256 e-con-full e-flex elementor-invisible e-con e-parent\" data-id=\"4cd7256\" data-element_type=\"container\" data-settings=\"{&quot;animation&quot;:&quot;fadeIn&quot;}\">\n\t\t<div class=\"elementor-element elementor-element-9d49c86 e-con-full e-flex e-con e-child\" data-id=\"9d49c86\" data-element_type=\"container\">\n\t\t\t\t<div class=\"elementor-element elementor-element-eeae41c elementor-widget elementor-widget-image\" data-id=\"eeae41c\" data-element_type=\"widget\" data-widget_type=\"image.default\">\n\t\t\t\t<div class=\"elementor-widget-container\">\n\t\t\t\t\t\t\t\t\t\t\t\t\t\t\t<img decoding=\"async\" src=\"https:\/\/ecsh.pt\/wp-content\/uploads\/elementor\/thumbs\/Website-07-1-qh3immzztlrmbkztc2rmvw9ruyio2mf8iuzkygb0hm.png\" title=\"Website-07\" alt=\"Website-07\" loading=\"lazy\" \/>\t\t\t\t\t\t\t\t\t\t\t\t\t\t\t<\/div>\n\t\t\t\t<\/div>\n\t\t\t\t<\/div>\n\t\t<div class=\"elementor-element elementor-element-e087d86 e-con-full e-flex e-con e-child\" data-id=\"e087d86\" data-element_type=\"container\">\n\t\t\t\t<div class=\"elementor-element elementor-element-12e8606 elementor-widget elementor-widget-image\" data-id=\"12e8606\" data-element_type=\"widget\" data-widget_type=\"image.default\">\n\t\t\t\t<div class=\"elementor-widget-container\">\n\t\t\t\t\t\t\t\t\t\t\t\t\t\t\t<img decoding=\"async\" src=\"https:\/\/ecsh.pt\/wp-content\/uploads\/elementor\/thumbs\/Website-02-qh3im5527r366zpr8d1q2is0kmyp0dgc4elcu71hru.png\" title=\"Website-02\" alt=\"Website-02\" loading=\"lazy\" \/>\t\t\t\t\t\t\t\t\t\t\t\t\t\t\t<\/div>\n\t\t\t\t<\/div>\n\t\t\t\t<\/div>\n\t\t<div class=\"elementor-element elementor-element-faaf990 e-con-full e-flex e-con e-child\" data-id=\"faaf990\" data-element_type=\"container\">\n\t\t\t\t<div class=\"elementor-element elementor-element-1ec6a3e elementor-widget elementor-widget-image\" data-id=\"1ec6a3e\" data-element_type=\"widget\" data-widget_type=\"image.default\">\n\t\t\t\t<div class=\"elementor-widget-container\">\n\t\t\t\t\t\t\t\t\t\t\t\t\t\t\t<img decoding=\"async\" src=\"https:\/\/ecsh.pt\/wp-content\/uploads\/elementor\/thumbs\/Website-03-1-qh3im7yks9715tlnrw9ls02ecsksngrj4sjta0xb96.png\" title=\"Website-03\" alt=\"Website-03\" loading=\"lazy\" \/>\t\t\t\t\t\t\t\t\t\t\t\t\t\t\t<\/div>\n\t\t\t\t<\/div>\n\t\t\t\t<\/div>\n\t\t\t\t<\/div>\n\t\t<div class=\"elementor-element elementor-element-c9fb633 e-con-full e-flex elementor-invisible e-con e-parent\" data-id=\"c9fb633\" data-element_type=\"container\" data-settings=\"{&quot;animation&quot;:&quot;fadeIn&quot;}\">\n\t\t<div class=\"elementor-element elementor-element-fb2356e e-con-full e-flex e-con e-child\" data-id=\"fb2356e\" data-element_type=\"container\">\n\t\t\t\t<div class=\"elementor-element elementor-element-17b8d86 elementor-widget elementor-widget-image\" data-id=\"17b8d86\" data-element_type=\"widget\" data-widget_type=\"image.default\">\n\t\t\t\t<div class=\"elementor-widget-container\">\n\t\t\t\t\t\t\t\t\t\t\t\t\t\t\t<img decoding=\"async\" src=\"https:\/\/ecsh.pt\/wp-content\/uploads\/elementor\/thumbs\/Website-04-1-qh3imcnrqfdgrveu0gaqmgvpbpxmpya6tft8oeqce2.png\" title=\"Website-04\" alt=\"Website-04\" loading=\"lazy\" \/>\t\t\t\t\t\t\t\t\t\t\t\t\t\t\t<\/div>\n\t\t\t\t<\/div>\n\t\t\t\t<\/div>\n\t\t<div class=\"elementor-element elementor-element-34d155f e-con-full e-flex e-con e-child\" data-id=\"34d155f\" data-element_type=\"container\">\n\t\t\t\t<div class=\"elementor-element elementor-element-8971534 elementor-widget elementor-widget-image\" data-id=\"8971534\" data-element_type=\"widget\" data-widget_type=\"image.default\">\n\t\t\t\t<div class=\"elementor-widget-container\">\n\t\t\t\t\t\t\t\t\t\t\t\t\t\t\t<img decoding=\"async\" src=\"https:\/\/ecsh.pt\/wp-content\/uploads\/elementor\/thumbs\/Website-05-1-qh3imfhaaxhbqpaqjzimby633vjqd1ldttrp48m5ve.png\" title=\"Website-05\" alt=\"Website-05\" loading=\"lazy\" \/>\t\t\t\t\t\t\t\t\t\t\t\t\t\t\t<\/div>\n\t\t\t\t<\/div>\n\t\t\t\t<div class=\"elementor-element elementor-element-11d7e2f elementor-align-center elementor-widget elementor-widget-button\" data-id=\"11d7e2f\" data-element_type=\"widget\" data-widget_type=\"button.default\">\n\t\t\t\t<div class=\"elementor-widget-container\">\n\t\t\t\t\t\t\t\t\t<div class=\"elementor-button-wrapper\">\n\t\t\t\t\t<a class=\"elementor-button elementor-button-link elementor-size-sm\" href=\"https:\/\/ecsh.pt\/?page_id=274\">\n\t\t\t\t\t\t<span class=\"elementor-button-content-wrapper\">\n\t\t\t\t\t\t\t\t\t<span class=\"elementor-button-text\">Saber mais<\/span>\n\t\t\t\t\t<\/span>\n\t\t\t\t\t<\/a>\n\t\t\t\t<\/div>\n\t\t\t\t\t\t\t\t<\/div>\n\t\t\t\t<\/div>\n\t\t\t\t<\/div>\n\t\t<div class=\"elementor-element elementor-element-38d9f15 e-con-full e-flex e-con e-child\" data-id=\"38d9f15\" data-element_type=\"container\">\n\t\t\t\t<div class=\"elementor-element elementor-element-d5cb4e9 elementor-widget elementor-widget-image\" data-id=\"d5cb4e9\" data-element_type=\"widget\" data-widget_type=\"image.default\">\n\t\t\t\t<div class=\"elementor-widget-container\">\n\t\t\t\t\t\t\t\t\t\t\t\t\t\t\t<img decoding=\"async\" src=\"https:\/\/ecsh.pt\/wp-content\/uploads\/elementor\/thumbs\/Website-06-1-qh3imiasvfl6pj6n3iqi1fggw15u04wku7q5k2hzcq.png\" title=\"Website-06\" alt=\"Website-06\" loading=\"lazy\" \/>\t\t\t\t\t\t\t\t\t\t\t\t\t\t\t<\/div>\n\t\t\t\t<\/div>\n\t\t\t\t<\/div>\n\t\t\t\t<\/div>\n\t\t<div class=\"elementor-element elementor-element-f7834b0 e-con-full e-flex e-con e-parent\" data-id=\"f7834b0\" data-element_type=\"container\" data-settings=\"{&quot;background_background&quot;:&quot;gradient&quot;}\">\n\t\t<div class=\"elementor-element elementor-element-a96113e e-con-full e-flex e-con e-child\" data-id=\"a96113e\" data-element_type=\"container\">\n\t\t\t\t<\/div>\n\t\t<div class=\"elementor-element elementor-element-6f7d779 e-con-full e-flex e-con e-child\" data-id=\"6f7d779\" data-element_type=\"container\">\n\t\t\t\t<div class=\"elementor-element elementor-element-e53d6f6 elementor-widget elementor-widget-image\" data-id=\"e53d6f6\" data-element_type=\"widget\" data-widget_type=\"image.default\">\n\t\t\t\t<div class=\"elementor-widget-container\">\n\t\t\t\t\t\t\t\t\t\t\t\t\t\t\t<img decoding=\"async\" src=\"https:\/\/ecsh.pt\/wp-content\/uploads\/elementor\/thumbs\/ECSH_Logo_Branco-qh246sg77rugwee0hwpinnsc0nyn1qrvxs6b28r5co.png\" title=\"ECSH_Logo_Branco\" alt=\"ECSH_Logo_Branco\" loading=\"lazy\" \/>\t\t\t\t\t\t\t\t\t\t\t\t\t\t\t<\/div>\n\t\t\t\t<\/div>\n\t\t\t\t<div class=\"elementor-element elementor-element-2865dba elementor-widget elementor-widget-text-editor\" data-id=\"2865dba\" data-element_type=\"widget\" data-widget_type=\"text-editor.default\">\n\t\t\t\t<div class=\"elementor-widget-container\">\n\t\t\t\t\t\t\t\t\t<p>Rua do Conde de Ferreira, n\u00ba 208, <br \/>Bonfim 4000-222 Porto<br \/>geral@ecsh.pt<br \/>+351 225 372 769<\/p>\t\t\t\t\t\t\t\t<\/div>\n\t\t\t\t<\/div>\n\t\t\t\t<\/div>\n\t\t<div class=\"elementor-element elementor-element-271a689 e-con-full e-flex e-con e-child\" data-id=\"271a689\" data-element_type=\"container\">\n\t\t\t\t<\/div>\n\t\t\t\t<\/div>\n\t\t\t\t<\/div>\n\t\t","protected":false},"excerpt":{"rendered":"<p>PT | EN Quem Somos\u00a0 \u00a0 \u00a0 Servi\u00e7os\u00a0 \u00a0 \u00a0Not\u00edcias\u00a0 \u00a0 \u00a0Projetos Compromisso Social Contribuir para a constru\u00e7\u00e3o de uma sociedade mais justa, inclusiva e&hellip;<\/p>\n","protected":false},"author":1,"featured_media":0,"parent":0,"menu_order":0,"comment_status":"closed","ping_status":"closed","template":"elementor_canvas","meta":{"footnotes":""},"class_list":["post-22","page","type-page","status-publish","hentry"],"_links":{"self":[{"href":"https:\/\/ecsh.pt\/index.php?rest_route=\/wp\/v2\/pages\/22","targetHints":{"allow":["GET"]}}],"collection":[{"href":"https:\/\/ecsh.pt\/index.php?rest_route=\/wp\/v2\/pages"}],"about":[{"href":"https:\/\/ecsh.pt\/index.php?rest_route=\/wp\/v2\/types\/page"}],"author":[{"embeddable":true,"href":"https:\/\/ecsh.pt\/index.php?rest_route=\/wp\/v2\/users\/1"}],"replies":[{"embeddable":true,"href":"https:\/\/ecsh.pt\/index.php?rest_route=%2Fwp%2Fv2%2Fcomments&post=22"}],"version-history":[{"count":139,"href":"https:\/\/ecsh.pt\/index.php?rest_route=\/wp\/v2\/pages\/22\/revisions"}],"predecessor-version":[{"id":654,"href":"https:\/\/ecsh.pt\/index.php?rest_route=\/wp\/v2\/pages\/22\/revisions\/654"}],"wp:attachment":[{"href":"https:\/\/ecsh.pt\/index.php?rest_route=%2Fwp%2Fv2%2Fmedia&parent=22"}],"curies":[{"name":"wp","href":"https:\/\/api.w.org\/{rel}","templated":true}]}}