{"id":197,"date":"2023-12-19T21:57:32","date_gmt":"2023-12-19T21:57:32","guid":{"rendered":"https:\/\/ecsh.pt\/?page_id=197"},"modified":"2023-12-20T16:56:25","modified_gmt":"2023-12-20T16:56:25","slug":"noticias","status":"publish","type":"page","link":"https:\/\/ecsh.pt\/?page_id=197","title":{"rendered":"Not\u00edcias"},"content":{"rendered":"\t\t<div data-elementor-type=\"wp-page\" data-elementor-id=\"197\" class=\"elementor elementor-197\">\n\t\t\t\t<div class=\"elementor-element elementor-element-bca3a5a e-flex e-con-boxed e-con e-parent\" data-id=\"bca3a5a\" data-element_type=\"container\">\n\t\t\t\t\t<div class=\"e-con-inner\">\n\t\t<div class=\"elementor-element elementor-element-bbbfb3b e-con-full e-flex e-con e-child\" data-id=\"bbbfb3b\" data-element_type=\"container\">\n\t\t\t\t<\/div>\n\t\t<div class=\"elementor-element elementor-element-1117402 e-con-full e-flex e-con e-child\" data-id=\"1117402\" data-element_type=\"container\">\n\t\t\t\t<div class=\"elementor-element elementor-element-883f664 elementor-widget elementor-widget-image\" data-id=\"883f664\" data-element_type=\"widget\" data-widget_type=\"image.default\">\n\t\t\t\t<div class=\"elementor-widget-container\">\n\t\t\t\t\t\t\t\t\t\t\t\t\t\t\t\t<a href=\"https:\/\/ecsh.pt\/?page_id=197\">\n\t\t\t\t\t\t\t<img fetchpriority=\"high\" decoding=\"async\" width=\"843\" height=\"342\" src=\"https:\/\/ecsh.pt\/wp-content\/uploads\/2023\/12\/cropped-ECSH_Logo-01-1024x415.png\" class=\"attachment-large size-large wp-image-17\" alt=\"\" srcset=\"https:\/\/ecsh.pt\/wp-content\/uploads\/2023\/12\/cropped-ECSH_Logo-01-1024x415.png 1024w, https:\/\/ecsh.pt\/wp-content\/uploads\/2023\/12\/cropped-ECSH_Logo-01-300x122.png 300w, https:\/\/ecsh.pt\/wp-content\/uploads\/2023\/12\/cropped-ECSH_Logo-01-768x311.png 768w, https:\/\/ecsh.pt\/wp-content\/uploads\/2023\/12\/cropped-ECSH_Logo-01-1536x623.png 1536w, https:\/\/ecsh.pt\/wp-content\/uploads\/2023\/12\/cropped-ECSH_Logo-01-2048x830.png 2048w\" sizes=\"(max-width: 843px) 100vw, 843px\" \/>\t\t\t\t\t\t\t\t<\/a>\n\t\t\t\t\t\t\t\t\t\t\t\t\t\t\t<\/div>\n\t\t\t\t<\/div>\n\t\t\t\t<\/div>\n\t\t<div class=\"elementor-element elementor-element-fed724c e-con-full e-flex e-con e-child\" data-id=\"fed724c\" data-element_type=\"container\">\n\t\t\t\t<div class=\"elementor-element elementor-element-b987e39 elementor-widget__width-initial elementor-widget elementor-widget-text-editor\" data-id=\"b987e39\" data-element_type=\"widget\" data-widget_type=\"text-editor.default\">\n\t\t\t\t<div class=\"elementor-widget-container\">\n\t\t\t\t\t\t\t\t\t<p><a href=\"https:\/\/ecsh.pt\/?page_id=197\">PT<\/a> | <a href=\"https:\/\/ecsh.pt\/?page_id=313\">EN<\/a><\/p>\t\t\t\t\t\t\t\t<\/div>\n\t\t\t\t<\/div>\n\t\t\t\t<\/div>\n\t\t\t\t\t<\/div>\n\t\t\t\t<\/div>\n\t\t<div class=\"elementor-element elementor-element-25a3924 e-con-full e-transform e-flex e-con e-parent\" data-id=\"25a3924\" data-element_type=\"container\" data-settings=\"{&quot;background_background&quot;:&quot;gradient&quot;,&quot;_transform_scale_effect&quot;:{&quot;unit&quot;:&quot;px&quot;,&quot;size&quot;:1,&quot;sizes&quot;:[]},&quot;_transform_scale_effect_tablet&quot;:{&quot;unit&quot;:&quot;px&quot;,&quot;size&quot;:&quot;&quot;,&quot;sizes&quot;:[]},&quot;_transform_scale_effect_mobile&quot;:{&quot;unit&quot;:&quot;px&quot;,&quot;size&quot;:&quot;&quot;,&quot;sizes&quot;:[]}}\">\n\t\t\t\t<div class=\"elementor-element elementor-element-0b1ba1f elementor-widget__width-inherit elementor-widget elementor-widget-text-editor\" data-id=\"0b1ba1f\" data-element_type=\"widget\" data-widget_type=\"text-editor.default\">\n\t\t\t\t<div class=\"elementor-widget-container\">\n\t\t\t\t\t\t\t\t\t<p><a href=\"https:\/\/ecsh.pt\/?page_id=154\">Quem Somos\u00a0<\/a> \u00a0 \u00a0 <a href=\"https:\/\/ecsh.pt\/?page_id=274\">Servi\u00e7os<\/a>\u00a0 \u00a0 \u00a0<a href=\"https:\/\/ecsh.pt\/?page_id=197\">Not\u00edcias<\/a>\u00a0 \u00a0 \u00a0<a href=\"https:\/\/ecsh.pt\/?page_id=220\">Projetos<\/a><\/p>\t\t\t\t\t\t\t\t<\/div>\n\t\t\t\t<\/div>\n\t\t\t\t<\/div>\n\t\t<div class=\"elementor-element elementor-element-f4b80e1 e-con-full e-flex e-con e-parent\" data-id=\"f4b80e1\" data-element_type=\"container\">\n\t\t\t\t<div class=\"elementor-element elementor-element-5a35bb7 elementor-widget__width-inherit elementor-widget elementor-widget-shortcode\" data-id=\"5a35bb7\" data-element_type=\"widget\" data-widget_type=\"shortcode.default\">\n\t\t\t\t<div class=\"elementor-widget-container\">\n\t\t\t\t\t\t\t<div class=\"elementor-shortcode\"><\/div>\n\t\t\t\t\t\t<\/div>\n\t\t\t\t<\/div>\n\t\t\t\t<\/div>\n\t\t<div class=\"elementor-element elementor-element-f069677 e-con-full e-flex e-con e-parent\" data-id=\"f069677\" data-element_type=\"container\">\n\t\t<div class=\"elementor-element elementor-element-df70ccd e-con-full e-flex e-con e-child\" data-id=\"df70ccd\" data-element_type=\"container\">\n\t\t\t\t<\/div>\n\t\t<div class=\"elementor-element elementor-element-f20ff1b e-con-full e-flex e-con e-child\" data-id=\"f20ff1b\" data-element_type=\"container\">\n\t\t\t\t<div class=\"elementor-element elementor-element-3442986 elementor-widget elementor-widget-heading\" data-id=\"3442986\" data-element_type=\"widget\" data-widget_type=\"heading.default\">\n\t\t\t\t<div class=\"elementor-widget-container\">\n\t\t\t\t\t<h2 class=\"elementor-heading-title elementor-size-default\">Bem-vindo \u00e0 P\u00e1gina de Not\u00edcias da <br>Escola de Ci\u00eancias Sociais e Humanas!<\/h2>\t\t\t\t<\/div>\n\t\t\t\t<\/div>\n\t\t\t\t<\/div>\n\t\t<div class=\"elementor-element elementor-element-b52d0f3 e-con-full e-flex e-con e-child\" data-id=\"b52d0f3\" data-element_type=\"container\">\n\t\t\t\t<\/div>\n\t\t\t\t<\/div>\n\t\t<div class=\"elementor-element elementor-element-f7834b0 e-con-full e-flex e-con e-parent\" data-id=\"f7834b0\" data-element_type=\"container\" data-settings=\"{&quot;background_background&quot;:&quot;gradient&quot;}\">\n\t\t<div class=\"elementor-element elementor-element-a96113e e-con-full e-flex e-con e-child\" data-id=\"a96113e\" data-element_type=\"container\">\n\t\t\t\t<\/div>\n\t\t<div class=\"elementor-element elementor-element-6f7d779 e-con-full e-flex e-con e-child\" data-id=\"6f7d779\" data-element_type=\"container\">\n\t\t\t\t<div class=\"elementor-element elementor-element-e53d6f6 elementor-widget elementor-widget-image\" data-id=\"e53d6f6\" data-element_type=\"widget\" data-widget_type=\"image.default\">\n\t\t\t\t<div class=\"elementor-widget-container\">\n\t\t\t\t\t\t\t\t\t\t\t\t\t\t\t<img decoding=\"async\" src=\"https:\/\/ecsh.pt\/wp-content\/uploads\/elementor\/thumbs\/ECSH_Logo_Branco-qh246sg77rugwee0hwpinnsc0nyn1qrvxs6b28r5co.png\" title=\"ECSH_Logo_Branco\" alt=\"ECSH_Logo_Branco\" loading=\"lazy\" \/>\t\t\t\t\t\t\t\t\t\t\t\t\t\t\t<\/div>\n\t\t\t\t<\/div>\n\t\t\t\t<div class=\"elementor-element elementor-element-2865dba elementor-widget elementor-widget-text-editor\" data-id=\"2865dba\" data-element_type=\"widget\" data-widget_type=\"text-editor.default\">\n\t\t\t\t<div class=\"elementor-widget-container\">\n\t\t\t\t\t\t\t\t\t<p>Rua do Conde de Ferreira, n\u00ba 208, <br \/>Bonfim 4000-222 Porto<br \/>geral@ecsh.pt<br \/>+351 225 372 769<\/p>\t\t\t\t\t\t\t\t<\/div>\n\t\t\t\t<\/div>\n\t\t\t\t<\/div>\n\t\t<div class=\"elementor-element elementor-element-271a689 e-con-full e-flex e-con e-child\" data-id=\"271a689\" data-element_type=\"container\">\n\t\t\t\t<\/div>\n\t\t\t\t<\/div>\n\t\t\t\t<\/div>\n\t\t","protected":false},"excerpt":{"rendered":"<p>PT | EN Quem Somos\u00a0 \u00a0 \u00a0 Servi\u00e7os\u00a0 \u00a0 \u00a0Not\u00edcias\u00a0 \u00a0 \u00a0Projetos Bem-vindo \u00e0 P\u00e1gina de Not\u00edcias da Escola de Ci\u00eancias Sociais e Humanas! Rua&hellip;<\/p>\n","protected":false},"author":1,"featured_media":0,"parent":0,"menu_order":0,"comment_status":"closed","ping_status":"closed","template":"elementor_canvas","meta":{"footnotes":""},"class_list":["post-197","page","type-page","status-publish","hentry"],"_links":{"self":[{"href":"https:\/\/ecsh.pt\/index.php?rest_route=\/wp\/v2\/pages\/197","targetHints":{"allow":["GET"]}}],"collection":[{"href":"https:\/\/ecsh.pt\/index.php?rest_route=\/wp\/v2\/pages"}],"about":[{"href":"https:\/\/ecsh.pt\/index.php?rest_route=\/wp\/v2\/types\/page"}],"author":[{"embeddable":true,"href":"https:\/\/ecsh.pt\/index.php?rest_route=\/wp\/v2\/users\/1"}],"replies":[{"embeddable":true,"href":"https:\/\/ecsh.pt\/index.php?rest_route=%2Fwp%2Fv2%2Fcomments&post=197"}],"version-history":[{"count":28,"href":"https:\/\/ecsh.pt\/index.php?rest_route=\/wp\/v2\/pages\/197\/revisions"}],"predecessor-version":[{"id":478,"href":"https:\/\/ecsh.pt\/index.php?rest_route=\/wp\/v2\/pages\/197\/revisions\/478"}],"wp:attachment":[{"href":"https:\/\/ecsh.pt\/index.php?rest_route=%2Fwp%2Fv2%2Fmedia&parent=197"}],"curies":[{"name":"wp","href":"https:\/\/api.w.org\/{rel}","templated":true}]}}